{"id":649,"date":"2022-08-16T10:09:04","date_gmt":"2022-08-16T08:09:04","guid":{"rendered":"https:\/\/www.dragonflycayla.com\/?page_id=649"},"modified":"2025-03-22T17:38:07","modified_gmt":"2025-03-22T16:38:07","slug":"practical-information","status":"publish","type":"page","link":"https:\/\/www.dragonflycayla.com\/fr\/practical-information\/","title":{"rendered":"INFOS PRATIQUES"},"content":{"rendered":"<p>[et_pb_section fb_built=&#8221;1&#8243; admin_label=&#8221;Header&#8221; _builder_version=&#8221;4.18.0&#8243; _module_preset=&#8221;default&#8221; background_color=&#8221;rgba(0,153,33,0.46)&#8221; background_image=&#8221;https:\/\/www.dragonflycayla.com\/wp-content\/uploads\/2020\/02\/A4A4830.jpg&#8221; custom_padding=&#8221;||0px||false|false&#8221; locked=&#8221;off&#8221; global_colors_info=&#8221;{}&#8221;][et_pb_row _builder_version=&#8221;4.16&#8243; _module_preset=&#8221;default&#8221; custom_margin=&#8221;||||false|false&#8221; locked=&#8221;off&#8221; global_colors_info=&#8221;{}&#8221;][et_pb_column type=&#8221;4_4&#8243; _builder_version=&#8221;4.16&#8243; _module_preset=&#8221;default&#8221; global_colors_info=&#8221;{}&#8221;][et_pb_text _builder_version=&#8221;4.18.0&#8243; _module_preset=&#8221;64726270-e0e9-4f3d-bffe-4708fbfd76fb&#8221; header_font=&#8221;Actor|700||on|||||&#8221; header_text_color=&#8221;#FFFFFF&#8221; header_font_size=&#8221;80px&#8221; header_letter_spacing=&#8221;0.05em&#8221; header_line_height=&#8221;1.3em&#8221; text_orientation=&#8221;center&#8221; module_alignment=&#8221;center&#8221; header_font_size_tablet=&#8221;40px&#8221; header_font_size_phone=&#8221;24px&#8221; header_font_size_last_edited=&#8221;on|tablet&#8221; locked=&#8221;off&#8221; global_colors_info=&#8221;{}&#8221;]<\/p>\n<h1>PRACTICAL INFORMATION<\/h1>\n<p>[\/et_pb_text][\/et_pb_column][\/et_pb_row][et_pb_row _builder_version=&#8221;4.16&#8243; _module_preset=&#8221;default&#8221; positioning=&#8221;none&#8221; position_origin_a=&#8221;bottom_left&#8221; width=&#8221;100%&#8221; max_width=&#8221;none&#8221; custom_margin=&#8221;||||false|false&#8221; custom_padding=&#8221;0px||0px||false|false&#8221; locked=&#8221;off&#8221; global_colors_info=&#8221;{}&#8221;][et_pb_column type=&#8221;4_4&#8243; _builder_version=&#8221;4.16&#8243; _module_preset=&#8221;default&#8221; custom_padding=&#8221;||0px||false|false&#8221; global_colors_info=&#8221;{}&#8221;][et_pb_image src=&#8221;https:\/\/www.dragonflycayla.com\/wp-content\/uploads\/2021\/07\/bushcraft-31.png&#8221; title_text=&#8221;bushcraft-31&#8243; _builder_version=&#8221;4.16&#8243; _module_preset=&#8221;default&#8221; custom_margin=&#8221;||0px||false|false&#8221; global_colors_info=&#8221;{}&#8221;][\/et_pb_image][\/et_pb_column][\/et_pb_row][\/et_pb_section][et_pb_section fb_built=&#8221;1&#8243; _builder_version=&#8221;4.18.0&#8243; _module_preset=&#8221;default&#8221; custom_padding=&#8221;0px||0px|||&#8221; global_colors_info=&#8221;{}&#8221;][et_pb_row custom_padding_last_edited=&#8221;on|phone&#8221; _builder_version=&#8221;4.16&#8243; _module_preset=&#8221;default&#8221; background_color=&#8221;#f3ede2&#8243; custom_padding=&#8221;40px|30px|40px|30px|true|true&#8221; custom_padding_tablet=&#8221;50px||50px||true|true&#8221; custom_padding_phone=&#8221;30px|20px|30px|20px|true|true&#8221; border_width_all=&#8221;4px&#8221; border_color_all=&#8221;#666b4e&#8221; border_style_all=&#8221;double&#8221; global_colors_info=&#8221;{}&#8221;][et_pb_column type=&#8221;4_4&#8243; _builder_version=&#8221;4.16&#8243; _module_preset=&#8221;default&#8221; custom_padding_tablet=&#8221;50px||50px||true|true&#8221; custom_padding_phone=&#8221;30px|20px|30px|20px|true|true&#8221; custom_padding_last_edited=&#8221;off|desktop&#8221; global_colors_info=&#8221;{}&#8221;][et_pb_text _builder_version=&#8221;4.18.0&#8243; _module_preset=&#8221;83d94e9b-bff8-4c15-9e33-e7b1a7a21887&#8243; header_2_font=&#8221;Josefin Sans|600|||||||&#8221; header_2_text_align=&#8221;center&#8221; header_2_text_color=&#8221;#de6b00&#8243; header_2_font_size=&#8221;48px&#8221; header_2_letter_spacing=&#8221;-1px&#8221; header_2_line_height=&#8221;1.2em&#8221; header_2_font_size_tablet=&#8221;32px&#8221; header_2_font_size_phone=&#8221;20px&#8221; header_2_font_size_last_edited=&#8221;on|phone&#8221; locked=&#8221;off&#8221; global_colors_info=&#8221;{}&#8221;]<\/p>\n<h2>What to bring with you<\/h2>\n<p>[\/et_pb_text][et_pb_text _builder_version=&#8221;4.18.0&#8243; _module_preset=&#8221;102bef9d-a6b9-41f0-af77-1ed5b7bd0593&#8243; text_font=&#8221;Newsreader||||||||&#8221; text_text_color=&#8221;#000000&#8243; text_font_size=&#8221;21px&#8221; text_line_height=&#8221;1.8em&#8221; text_orientation=&#8221;center&#8221; max_width=&#8221;700px&#8221; module_alignment=&#8221;center&#8221; text_font_size_tablet=&#8221;15px&#8221; text_font_size_phone=&#8221;14px&#8221; text_font_size_last_edited=&#8221;on|desktop&#8221; locked=&#8221;off&#8221; global_colors_info=&#8221;{}&#8221;]<\/p>\n<p>When you come for a retreat you can bring with you:<\/p>\n<p>[\/et_pb_text][et_pb_blurb title=&#8221;warm or light clothes depending of the season&#8221; use_icon=&#8221;on&#8221; font_icon=&#8221;&#xe03c;||divi||400&#8243; icon_color=&#8221;#f37321&#8243; icon_placement=&#8221;left&#8221; image_icon_width=&#8221;26px&#8221; _builder_version=&#8221;4.18.0&#8243; _module_preset=&#8221;default&#8221; header_font=&#8221;Josefin Sans|600||on|||||&#8221; header_text_color=&#8221;#202020&#8243; header_font_size=&#8221;14px&#8221; header_line_height=&#8221;1.8em&#8221; animation=&#8221;off&#8221; icon_font_size=&#8221;26px&#8221; global_colors_info=&#8221;{}&#8221;][\/et_pb_blurb][et_pb_blurb title=&#8221;if summer, a swimming suit&#8221; use_icon=&#8221;on&#8221; font_icon=&#8221;&#xe03c;||divi||400&#8243; icon_color=&#8221;#f37321&#8243; icon_placement=&#8221;left&#8221; image_icon_width=&#8221;26px&#8221; _builder_version=&#8221;4.18.0&#8243; _module_preset=&#8221;default&#8221; header_font=&#8221;Josefin Sans|600||on|||||&#8221; header_text_color=&#8221;#202020&#8243; header_font_size=&#8221;14px&#8221; header_line_height=&#8221;1.8em&#8221; animation=&#8221;off&#8221; icon_font_size=&#8221;26px&#8221; global_colors_info=&#8221;{}&#8221;][\/et_pb_blurb][et_pb_blurb title=&#8221;bed sheets, sleeping bag, towel&#8221; use_icon=&#8221;on&#8221; font_icon=&#8221;&#xe03c;||divi||400&#8243; icon_color=&#8221;#f37321&#8243; icon_placement=&#8221;left&#8221; image_icon_width=&#8221;26px&#8221; _builder_version=&#8221;4.18.0&#8243; _module_preset=&#8221;default&#8221; header_font=&#8221;Josefin Sans|600||on|||||&#8221; header_text_color=&#8221;#202020&#8243; header_font_size=&#8221;14px&#8221; header_line_height=&#8221;1.8em&#8221; custom_padding=&#8221;||0px|||&#8221; animation=&#8221;off&#8221; icon_font_size=&#8221;26px&#8221; global_colors_info=&#8221;{}&#8221;][\/et_pb_blurb][et_pb_blurb title=&#8221;a bottle of water that you can fill&#8221; use_icon=&#8221;on&#8221; font_icon=&#8221;&#xe03c;||divi||400&#8243; icon_color=&#8221;#f37321&#8243; icon_placement=&#8221;left&#8221; image_icon_width=&#8221;26px&#8221; _builder_version=&#8221;4.18.0&#8243; _module_preset=&#8221;default&#8221; header_font=&#8221;Josefin Sans|600||on|||||&#8221; header_text_color=&#8221;#202020&#8243; header_font_size=&#8221;14px&#8221; header_line_height=&#8221;1.8em&#8221; animation=&#8221;off&#8221; icon_font_size=&#8221;26px&#8221; global_colors_info=&#8221;{}&#8221;][\/et_pb_blurb][et_pb_blurb title=&#8221;hiking shoes&#8221; use_icon=&#8221;on&#8221; font_icon=&#8221;&#xe03c;||divi||400&#8243; icon_color=&#8221;#f37321&#8243; icon_placement=&#8221;left&#8221; image_icon_width=&#8221;26px&#8221; _builder_version=&#8221;4.18.0&#8243; _module_preset=&#8221;default&#8221; header_font=&#8221;Josefin Sans|600||on|||||&#8221; header_text_color=&#8221;#202020&#8243; header_font_size=&#8221;14px&#8221; header_line_height=&#8221;1.8em&#8221; animation=&#8221;off&#8221; icon_font_size=&#8221;26px&#8221; global_colors_info=&#8221;{}&#8221;][\/et_pb_blurb][et_pb_blurb title=&#8221;prefer to wear long sleeves and pants for the hikes&#8221; use_icon=&#8221;on&#8221; font_icon=&#8221;&#xe03c;||divi||400&#8243; icon_color=&#8221;#f37321&#8243; icon_placement=&#8221;left&#8221; image_icon_width=&#8221;26px&#8221; _builder_version=&#8221;4.18.0&#8243; _module_preset=&#8221;default&#8221; header_font=&#8221;Josefin Sans|600||on|||||&#8221; header_text_color=&#8221;#202020&#8243; header_font_size=&#8221;14px&#8221; header_line_height=&#8221;1.8em&#8221; animation=&#8221;off&#8221; icon_font_size=&#8221;26px&#8221; global_colors_info=&#8221;{}&#8221;][\/et_pb_blurb][et_pb_blurb title=&#8221;a flashlight for moving at night from one bulding to the other&#8221; use_icon=&#8221;on&#8221; font_icon=&#8221;&#xe03c;||divi||400&#8243; icon_color=&#8221;#f37321&#8243; icon_placement=&#8221;left&#8221; image_icon_width=&#8221;26px&#8221; _builder_version=&#8221;4.18.0&#8243; _module_preset=&#8221;default&#8221; header_font=&#8221;Josefin Sans|600||on|||||&#8221; header_text_color=&#8221;#202020&#8243; header_font_size=&#8221;14px&#8221; header_line_height=&#8221;1.8em&#8221; animation=&#8221;off&#8221; icon_font_size=&#8221;26px&#8221; global_colors_info=&#8221;{}&#8221;][\/et_pb_blurb][et_pb_blurb title=&#8221;snacks for the breaks&#8221; use_icon=&#8221;on&#8221; font_icon=&#8221;&#xe03c;||divi||400&#8243; icon_color=&#8221;#f37321&#8243; icon_placement=&#8221;left&#8221; image_icon_width=&#8221;26px&#8221; _builder_version=&#8221;4.18.0&#8243; _module_preset=&#8221;default&#8221; header_font=&#8221;Josefin Sans|600||on|||||&#8221; header_text_color=&#8221;#202020&#8243; header_font_size=&#8221;14px&#8221; header_line_height=&#8221;1.8em&#8221; animation=&#8221;off&#8221; icon_font_size=&#8221;26px&#8221; global_colors_info=&#8221;{}&#8221;][\/et_pb_blurb][et_pb_blurb title=&#8221;a mat, notebook and pen&#8221; use_icon=&#8221;on&#8221; font_icon=&#8221;&#xe03c;||divi||400&#8243; icon_color=&#8221;#f37321&#8243; icon_placement=&#8221;left&#8221; image_icon_width=&#8221;26px&#8221; _builder_version=&#8221;4.18.0&#8243; _module_preset=&#8221;default&#8221; header_font=&#8221;Josefin Sans|600||on|||||&#8221; header_text_color=&#8221;#202020&#8243; header_font_size=&#8221;14px&#8221; header_line_height=&#8221;1.8em&#8221; animation=&#8221;off&#8221; icon_font_size=&#8221;26px&#8221; global_colors_info=&#8221;{}&#8221;][\/et_pb_blurb][et_pb_blurb title=&#8221;music instruments if you play some&#8221; use_icon=&#8221;on&#8221; font_icon=&#8221;&#xe03c;||divi||400&#8243; icon_color=&#8221;#f37321&#8243; icon_placement=&#8221;left&#8221; image_icon_width=&#8221;26px&#8221; _builder_version=&#8221;4.18.0&#8243; _module_preset=&#8221;default&#8221; header_font=&#8221;Josefin Sans|600||on|||||&#8221; header_text_color=&#8221;#202020&#8243; header_font_size=&#8221;14px&#8221; header_line_height=&#8221;1.8em&#8221; animation=&#8221;off&#8221; icon_font_size=&#8221;26px&#8221; global_colors_info=&#8221;{}&#8221;][\/et_pb_blurb][et_pb_blurb title=&#8221;Music CDs if you want to share music with others&#8221; use_icon=&#8221;on&#8221; font_icon=&#8221;&#xe03c;||divi||400&#8243; icon_color=&#8221;#f37321&#8243; icon_placement=&#8221;left&#8221; image_icon_width=&#8221;26px&#8221; _builder_version=&#8221;4.18.0&#8243; _module_preset=&#8221;default&#8221; header_font=&#8221;Josefin Sans|600||on|||||&#8221; header_text_color=&#8221;#202020&#8243; header_font_size=&#8221;14px&#8221; header_line_height=&#8221;1.8em&#8221; animation=&#8221;off&#8221; icon_font_size=&#8221;26px&#8221; global_colors_info=&#8221;{}&#8221;][\/et_pb_blurb][et_pb_button button_url=&#8221;https:\/\/www.dragonflycayla.com\/events\/&#8221; button_text=&#8221;Join an event&#8221; button_alignment=&#8221;center&#8221; _builder_version=&#8221;4.18.0&#8243; _module_preset=&#8221;67e0f547-afa0-4e13-a9b6-8f94ff82b93e&#8221; custom_button=&#8221;on&#8221; button_text_size=&#8221;14px&#8221; button_text_color=&#8221;#DE6B00&#8243; button_border_width=&#8221;0px&#8221; button_border_radius=&#8221;0px&#8221; button_letter_spacing=&#8221;1px&#8221; button_font=&#8221;Josefin Sans|600||on|||||&#8221; button_use_icon=&#8221;off&#8221; custom_padding=&#8221;10px|10px|6px|10px|false|true&#8221; box_shadow_style=&#8221;preset4&#8243; box_shadow_horizontal=&#8221;0px&#8221; box_shadow_vertical=&#8221;2px&#8221; box_shadow_color=&#8221;#DE6B00&#8243; locked=&#8221;off&#8221; global_colors_info=&#8221;{}&#8221; button_text_color__hover=&#8221;#FFFFFF&#8221; button_text_color__hover_enabled=&#8221;on|hover&#8221; button_bg_color__hover=&#8221;#de6b00&#8243; button_bg_color__hover_enabled=&#8221;on|desktop&#8221; custom_padding__hover=&#8221;10px|20px|10px|20px|true|true&#8221; custom_padding__hover_enabled=&#8221;on|desktop&#8221;][\/et_pb_button][\/et_pb_column][\/et_pb_row][et_pb_row _builder_version=&#8221;4.18.0&#8243; _module_preset=&#8221;default&#8221; custom_padding=&#8221;0px||0px|||&#8221; global_colors_info=&#8221;{}&#8221;][et_pb_column type=&#8221;4_4&#8243; _builder_version=&#8221;4.18.0&#8243; _module_preset=&#8221;default&#8221; global_colors_info=&#8221;{}&#8221;][et_pb_divider show_divider=&#8221;off&#8221; _builder_version=&#8221;4.18.0&#8243; _module_preset=&#8221;default&#8221; global_colors_info=&#8221;{}&#8221;][\/et_pb_divider][et_pb_text _builder_version=&#8221;4.18.0&#8243; _module_preset=&#8221;83d94e9b-bff8-4c15-9e33-e7b1a7a21887&#8243; header_2_font=&#8221;Josefin Sans|600|||||||&#8221; header_2_text_align=&#8221;center&#8221; header_2_text_color=&#8221;#de6b00&#8243; header_2_font_size=&#8221;48px&#8221; header_2_letter_spacing=&#8221;-1px&#8221; header_2_line_height=&#8221;1.2em&#8221; header_2_font_size_tablet=&#8221;32px&#8221; header_2_font_size_phone=&#8221;20px&#8221; header_2_font_size_last_edited=&#8221;on|phone&#8221; locked=&#8221;off&#8221; global_colors_info=&#8221;{}&#8221;]<\/p>\n<h2>How to get to Cayla<\/h2>\n<p>[\/et_pb_text][\/et_pb_column][\/et_pb_row][et_pb_row _builder_version=&#8221;4.18.0&#8243; _module_preset=&#8221;default&#8221; global_colors_info=&#8221;{}&#8221;][et_pb_column type=&#8221;4_4&#8243; _builder_version=&#8221;4.18.0&#8243; _module_preset=&#8221;default&#8221; global_colors_info=&#8221;{}&#8221;][et_pb_text _builder_version=&#8221;4.18.0&#8243; _module_preset=&#8221;default&#8221; global_colors_info=&#8221;{}&#8221;]<\/p>\n<p>Cayla is located at the end of a road, in the South Aveyron, at more or less equal distance from the city of Toulouse and Montpellier. (1h30&#8242; drive from Toulouse and 2h30&#8242; drive from Montpellier) in a small hamelt composed of 3 farms.<\/p>\n<p>If you come by plane, the closest international airport is Toulouse. The main train station is Toulouse Matabiau.<\/p>\n<p>From Toulouse you can take a train to Albi (1h).<\/p>\n<p>You can also arrange a carpoll with Blablacar to Saint Sernin sur Rance<\/p>\n<p>Contact us if you come by plane or train and will will arrange a carpool for you if possible or we will come to pick you up either in Albi or Saint Sernin.<\/p>\n<p>If you drive to Cayla, you need to come to the village of Saint Cr\u00e9pin 12380 Laval Roquecezi\u00e8re. When you enter in Saint Cr\u00e9pin, take the first road to your right. Cayla is indicated. You will cross the hamlets of Fial\u00e8s, the farm of Sermet and then, at the end of the road, you will reach Le Cayla.<\/p>\n<p>[\/et_pb_text][et_pb_image src=&#8221;https:\/\/www.dragonflycayla.com\/wp-content\/uploads\/2022\/08\/Capture-de\u0301cran-2022-08-16-a\u0300-10.42.00.png&#8221; title_text=&#8221;Capture d\u2019e\u0301cran 2022-08-16 a\u0300 10.42.00&#8243; _builder_version=&#8221;4.18.0&#8243; _module_preset=&#8221;default&#8221; global_colors_info=&#8221;{}&#8221;][\/et_pb_image][et_pb_image src=&#8221;https:\/\/www.dragonflycayla.com\/wp-content\/uploads\/2022\/08\/Capture-de\u0301cran-2022-08-16-a\u0300-10.41.19.png&#8221; title_text=&#8221;Capture d\u2019e\u0301cran 2022-08-16 a\u0300 10.41.19&#8243; _builder_version=&#8221;4.18.0&#8243; _module_preset=&#8221;default&#8221; global_colors_info=&#8221;{}&#8221;][\/et_pb_image][et_pb_image src=&#8221;https:\/\/www.dragonflycayla.com\/wp-content\/uploads\/2022\/08\/Capture-de\u0301cran-2022-08-16-a\u0300-10.40.01.png&#8221; title_text=&#8221;Capture d\u2019e\u0301cran 2022-08-16 a\u0300 10.40.01&#8243; align=&#8221;center&#8221; _builder_version=&#8221;4.18.0&#8243; _module_preset=&#8221;default&#8221; global_colors_info=&#8221;{}&#8221;][\/et_pb_image][\/et_pb_column][\/et_pb_row][\/et_pb_section]<\/p>\n","protected":false},"excerpt":{"rendered":"<p>PRACTICAL INFORMATIONWhat to bring with youWhen you come for a retreat you can bring with you:How to get to CaylaCayla is located at the end of a road, in the South Aveyron, at more or less equal distance from the city of Toulouse and Montpellier. (1h30&#8242; drive from Toulouse and 2h30&#8242; drive from Montpellier) in [&hellip;]<\/p>\n","protected":false},"author":1,"featured_media":0,"parent":0,"menu_order":0,"comment_status":"closed","ping_status":"closed","template":"","meta":{"_et_pb_use_builder":"on","_et_pb_old_content":"","_et_gb_content_width":"","footnotes":""},"difl_page_category":[],"class_list":["post-649","page","type-page","status-publish","hentry"],"_links":{"self":[{"href":"https:\/\/www.dragonflycayla.com\/fr\/wp-json\/wp\/v2\/pages\/649","targetHints":{"allow":["GET"]}}],"collection":[{"href":"https:\/\/www.dragonflycayla.com\/fr\/wp-json\/wp\/v2\/pages"}],"about":[{"href":"https:\/\/www.dragonflycayla.com\/fr\/wp-json\/wp\/v2\/types\/page"}],"author":[{"embeddable":true,"href":"https:\/\/www.dragonflycayla.com\/fr\/wp-json\/wp\/v2\/users\/1"}],"replies":[{"embeddable":true,"href":"https:\/\/www.dragonflycayla.com\/fr\/wp-json\/wp\/v2\/comments?post=649"}],"version-history":[{"count":14,"href":"https:\/\/www.dragonflycayla.com\/fr\/wp-json\/wp\/v2\/pages\/649\/revisions"}],"predecessor-version":[{"id":1021,"href":"https:\/\/www.dragonflycayla.com\/fr\/wp-json\/wp\/v2\/pages\/649\/revisions\/1021"}],"wp:attachment":[{"href":"https:\/\/www.dragonflycayla.com\/fr\/wp-json\/wp\/v2\/media?parent=649"}],"wp:term":[{"taxonomy":"difl_page_category","embeddable":true,"href":"https:\/\/www.dragonflycayla.com\/fr\/wp-json\/wp\/v2\/difl_page_category?post=649"}],"curies":[{"name":"wp","href":"https:\/\/api.w.org\/{rel}","templated":true}]}}